{"id":466,"date":"2024-12-31T14:38:10","date_gmt":"2024-12-31T13:38:10","guid":{"rendered":"http:\/\/mesassiettesdiet.com\/?page_id=466"},"modified":"2024-12-31T14:44:02","modified_gmt":"2024-12-31T13:44:02","slug":"mentions-legales","status":"publish","type":"page","link":"https:\/\/mesassiettesdiet.com\/?page_id=466","title":{"rendered":"Mentions l\u00e9gales"},"content":{"rendered":"\t\t<div data-elementor-type=\"wp-page\" data-elementor-id=\"466\" class=\"elementor elementor-466\">\n\t\t\t\t<div class=\"elementor-element elementor-element-102b2d1 e-flex e-con-boxed wpr-particle-no wpr-jarallax-no wpr-parallax-no wpr-sticky-section-no e-con e-parent\" data-id=\"102b2d1\" data-element_type=\"container\">\n\t\t\t\t\t<div class=\"e-con-inner\">\n\t\t\t\t<div class=\"elementor-element elementor-element-31050df elementor-widget elementor-widget-heading\" data-id=\"31050df\" data-element_type=\"widget\" data-widget_type=\"heading.default\">\n\t\t\t\t<div class=\"elementor-widget-container\">\n\t\t\t\t\t<h2 class=\"elementor-heading-title elementor-size-default\">Mentions l\u00e9gales<\/h2>\t\t\t\t<\/div>\n\t\t\t\t<\/div>\n\t\t\t\t<div class=\"elementor-element elementor-element-b66ecaf elementor-widget elementor-widget-text-editor\" data-id=\"b66ecaf\" data-element_type=\"widget\" data-widget_type=\"text-editor.default\">\n\t\t\t\t<div class=\"elementor-widget-container\">\n\t\t\t\t\t\t\t\t\t<p><strong>1. \u00c9diteur du site<\/strong><br \/>Nom de l&#8217;entreprise : Marine Besse Di\u00e9t\u00e9tique &#8211; Mes assiettes diet\u00a0<br \/>Statut juridique : Auto-entrepreneur\u00a0<br \/>Si\u00e8ge social : 14 F rue des Longs Pr\u00e9s, 35000 Rennes\u00a0<br \/>Num\u00e9ro SIRET : 90875294200023<br \/>Num\u00e9ro de TVA intracommunautaire : FR21908752942<br \/>Responsable de la publication : Marine Besse<br \/>Contact : formulaire de contact de la page de contact\u00a0<br \/>Cr\u00e9ation du site : La Petite Boite\u00a0<\/p><p><strong>2. H\u00e9bergement du site<\/strong><br \/>Nom de l\u2019h\u00e9bergeur : OVH<br \/>Adresse : 2 rue Kellermann &#8211; 59100 Roubaix &#8211; France<\/p><p><strong>3. Propri\u00e9t\u00e9 intellectuelle<\/strong><br \/>L\u2019ensemble des contenus pr\u00e9sents sur le site <a href=\"http:\/\/mesassiettesdiet.com\/\">http:\/\/mesassiettesdiet.com\/<\/a>\u00a0(textes, images, vid\u00e9os, logos, etc.) est prot\u00e9g\u00e9 par les lois en vigueur sur la propri\u00e9t\u00e9 intellectuelle. Toute reproduction, repr\u00e9sentation, modification, publication, adaptation, int\u00e9gration, traduction ou exploitation partielle ou totale de ces contenus, de quelque mani\u00e8re que ce soit, est strictement interdite sans l&#8217;autorisation pr\u00e9alable de l\u2019\u00e9diteur.<\/p><p><strong>4. Donn\u00e9es personnelles<\/strong><br \/>Les donn\u00e9es personnelles collect\u00e9es sur le site <a href=\"http:\/\/mesassiettesdiet.com\/\">http:\/\/mesassiettesdiet.com\/<\/a> sont trait\u00e9es conform\u00e9ment au R\u00e8glement G\u00e9n\u00e9ral sur la Protection des Donn\u00e9es (RGPD) et \u00e0 la l\u00e9gislation fran\u00e7aise applicable.<\/p><p><strong>5. Cookies<\/strong><br \/>Le site <a href=\"http:\/\/mesassiettesdiet.com\/\">http:\/\/mesassiettesdiet.com\/<\/a> utilise des cookies pour am\u00e9liorer l\u2019exp\u00e9rience utilisateur et pour des mesures d\u2019audience. Vous pouvez param\u00e9trer les cookies via les r\u00e9glages de votre navigateur ou consulter notre politique de cookies ici :<\/p><p><strong>6. Limitation de responsabilit\u00e9<\/strong><br \/>L\u2019\u00e9diteur du site s\u2019efforce d\u2019assurer au mieux l\u2019exactitude et la mise \u00e0 jour des informations publi\u00e9es sur le site. Toutefois, il ne saurait \u00eatre tenu responsable des erreurs ou omissions, ni des \u00e9ventuels dommages r\u00e9sultant de l\u2019utilisation ou de l\u2019interpr\u00e9tation des informations disponibles sur ce site.<\/p><p><strong>7. Contact<\/strong><br \/>Pour toute question relative au site ou \u00e0 son contenu, vous pouvez nous contacter \u00e0 la page contact de ce site.<\/p>\t\t\t\t\t\t\t\t<\/div>\n\t\t\t\t<\/div>\n\t\t\t\t\t<\/div>\n\t\t\t\t<\/div>\n\t\t\t\t<\/div>\n\t\t","protected":false},"excerpt":{"rendered":"<p>Mentions l\u00e9gales 1. \u00c9diteur du siteNom de l&#8217;entreprise : Marine Besse Di\u00e9t\u00e9tique &#8211; Mes assiettes diet\u00a0Statut juridique : Auto-entrepreneur\u00a0Si\u00e8ge social : 14 F rue des Longs Pr\u00e9s, 35000 Rennes\u00a0Num\u00e9ro SIRET : 90875294200023Num\u00e9ro de TVA intracommunautaire : FR21908752942Responsable de la publication : Marine BesseContact : formulaire de contact de la page de contact\u00a0Cr\u00e9ation du site : La Petite Boite\u00a0 2. H\u00e9bergement du siteNom de l\u2019h\u00e9bergeur : OVHAdresse : 2 rue Kellermann &#8211; 59100 Roubaix &#8211; France 3. Propri\u00e9t\u00e9 intellectuelleL\u2019ensemble des contenus pr\u00e9sents sur le site http:\/\/mesassiettesdiet.com\/\u00a0(textes, images, vid\u00e9os, logos, etc.) est prot\u00e9g\u00e9 par les lois en vigueur sur la propri\u00e9t\u00e9 intellectuelle. Toute reproduction, repr\u00e9sentation, modification, publication, adaptation, int\u00e9gration, traduction ou exploitation partielle ou totale de ces contenus, de quelque mani\u00e8re que ce soit, est strictement interdite sans l&#8217;autorisation pr\u00e9alable de l\u2019\u00e9diteur. 4. Donn\u00e9es personnellesLes donn\u00e9es personnelles collect\u00e9es sur le site http:\/\/mesassiettesdiet.com\/ sont trait\u00e9es conform\u00e9ment au R\u00e8glement G\u00e9n\u00e9ral sur la Protection des Donn\u00e9es (RGPD) et \u00e0 la l\u00e9gislation fran\u00e7aise applicable. 5. CookiesLe site http:\/\/mesassiettesdiet.com\/ utilise des cookies pour am\u00e9liorer l\u2019exp\u00e9rience utilisateur et pour des mesures d\u2019audience. Vous pouvez param\u00e9trer les cookies via les r\u00e9glages de votre navigateur ou consulter notre politique de cookies ici : 6. Limitation de responsabilit\u00e9L\u2019\u00e9diteur du site s\u2019efforce d\u2019assurer au mieux l\u2019exactitude et la mise \u00e0 jour des informations publi\u00e9es sur le site. Toutefois, il ne saurait \u00eatre tenu responsable des erreurs ou omissions, ni des \u00e9ventuels dommages r\u00e9sultant de l\u2019utilisation ou de l\u2019interpr\u00e9tation des informations disponibles sur ce site. 7. ContactPour toute question relative au site ou \u00e0 son contenu, vous pouvez nous contacter \u00e0 la page contact de ce site.<\/p>\n","protected":false},"author":1,"featured_media":0,"parent":0,"menu_order":0,"comment_status":"closed","ping_status":"closed","template":"elementor_header_footer","meta":{"footnotes":""},"class_list":["post-466","page","type-page","status-publish","hentry"],"_links":{"self":[{"href":"https:\/\/mesassiettesdiet.com\/index.php?rest_route=\/wp\/v2\/pages\/466","targetHints":{"allow":["GET"]}}],"collection":[{"href":"https:\/\/mesassiettesdiet.com\/index.php?rest_route=\/wp\/v2\/pages"}],"about":[{"href":"https:\/\/mesassiettesdiet.com\/index.php?rest_route=\/wp\/v2\/types\/page"}],"author":[{"embeddable":true,"href":"https:\/\/mesassiettesdiet.com\/index.php?rest_route=\/wp\/v2\/users\/1"}],"replies":[{"embeddable":true,"href":"https:\/\/mesassiettesdiet.com\/index.php?rest_route=%2Fwp%2Fv2%2Fcomments&post=466"}],"version-history":[{"count":3,"href":"https:\/\/mesassiettesdiet.com\/index.php?rest_route=\/wp\/v2\/pages\/466\/revisions"}],"predecessor-version":[{"id":469,"href":"https:\/\/mesassiettesdiet.com\/index.php?rest_route=\/wp\/v2\/pages\/466\/revisions\/469"}],"wp:attachment":[{"href":"https:\/\/mesassiettesdiet.com\/index.php?rest_route=%2Fwp%2Fv2%2Fmedia&parent=466"}],"curies":[{"name":"wp","href":"https:\/\/api.w.org\/{rel}","templated":true}]}}