{"id":353,"date":"2025-01-02T14:01:40","date_gmt":"2025-01-02T13:01:40","guid":{"rendered":"http:\/\/mesassiettesdiet.com\/?post_type=product&#038;p=353"},"modified":"2025-04-24T12:04:09","modified_gmt":"2025-04-24T10:04:09","slug":"menu-hiver","status":"publish","type":"product","link":"https:\/\/mesassiettesdiet.com\/?product=menu-hiver","title":{"rendered":"Menu Hiver"},"content":{"rendered":"<p>L&#8217;hiver est l\u00e0 et vous ne savez pas comment cuisiner ses l\u00e9gumes autrement qu&#8217;en soupe ? D\u00e9couvrez des recettes originales et gourmandes dans ce menu sp\u00e9cialement con\u00e7u pour vous r\u00e9galer !<\/p>\n<p>Le menu comprend :<\/p>\n<ul>\n<li>8 semaines de menus (midi et soir)<\/li>\n<li>Liste de courses pour chaque semaine<\/li>\n<li>40 recettes (sal\u00e9es, sucr\u00e9es, petits-d\u00e9jeuners, collations)<\/li>\n<\/ul>\n","protected":false},"excerpt":{"rendered":"<p>L&#8217;hiver est l\u00e0 et vous ne savez pas comment cuisiner ses l\u00e9gumes autrement qu&#8217;en soupe ? D\u00e9couvrez des recettes originales et gourmandes dans ce menu sp\u00e9cialement con\u00e7u pour vous r\u00e9galer ! Le menu comprend : 8 semaines de menus (midi et soir) Liste de courses pour chaque semaine 40 recettes (sal\u00e9es, sucr\u00e9es, petits-d\u00e9jeuners, collations)<\/p>\n","protected":false},"featured_media":610,"comment_status":"open","ping_status":"closed","template":"","meta":[],"product_cat":[24],"product_tag":[],"class_list":{"0":"post-353","1":"product","2":"type-product","3":"status-publish","4":"has-post-thumbnail","6":"product_cat-non-classe","8":"first","9":"instock","10":"downloadable","11":"virtual","12":"taxable","13":"purchasable","14":"product-type-simple"},"_links":{"self":[{"href":"https:\/\/mesassiettesdiet.com\/index.php?rest_route=\/wp\/v2\/product\/353","targetHints":{"allow":["GET"]}}],"collection":[{"href":"https:\/\/mesassiettesdiet.com\/index.php?rest_route=\/wp\/v2\/product"}],"about":[{"href":"https:\/\/mesassiettesdiet.com\/index.php?rest_route=\/wp\/v2\/types\/product"}],"replies":[{"embeddable":true,"href":"https:\/\/mesassiettesdiet.com\/index.php?rest_route=%2Fwp%2Fv2%2Fcomments&post=353"}],"wp:featuredmedia":[{"embeddable":true,"href":"https:\/\/mesassiettesdiet.com\/index.php?rest_route=\/wp\/v2\/media\/610"}],"wp:attachment":[{"href":"https:\/\/mesassiettesdiet.com\/index.php?rest_route=%2Fwp%2Fv2%2Fmedia&parent=353"}],"wp:term":[{"taxonomy":"product_cat","embeddable":true,"href":"https:\/\/mesassiettesdiet.com\/index.php?rest_route=%2Fwp%2Fv2%2Fproduct_cat&post=353"},{"taxonomy":"product_tag","embeddable":true,"href":"https:\/\/mesassiettesdiet.com\/index.php?rest_route=%2Fwp%2Fv2%2Fproduct_tag&post=353"}],"curies":[{"name":"wp","href":"https:\/\/api.w.org\/{rel}","templated":true}]}}