{"id":739,"date":"2025-09-15T17:53:42","date_gmt":"2025-09-15T15:53:42","guid":{"rendered":"https:\/\/mesassiettesdiet.com\/?post_type=product&#038;p=739"},"modified":"2025-10-31T15:57:34","modified_gmt":"2025-10-31T14:57:34","slug":"menu-dautomne","status":"publish","type":"product","link":"https:\/\/mesassiettesdiet.com\/?product=menu-dautomne","title":{"rendered":"Menu d&#8217;automne"},"content":{"rendered":"<p>Menu d&#8217;automne<\/p>\n<p>D\u00e9couvrez des recettes originales et gourmandes dans ce menu sp\u00e9cialement con\u00e7u pour vous r\u00e9galer ! Le menu comprend :<\/p>\n<ul>\n<li>8 semaines de menus (midi et soir)<\/li>\n<li>Liste de courses pour chaque semaine<\/li>\n<li>40 recettes (sal\u00e9es, sucr\u00e9es, petits-d\u00e9jeuners, collations)<\/li>\n<\/ul>\n","protected":false},"excerpt":{"rendered":"<p>Menu d&#8217;automne D\u00e9couvrez des recettes originales et gourmandes dans ce menu sp\u00e9cialement con\u00e7u pour vous r\u00e9galer ! Le menu comprend : 8 semaines de menus (midi et soir) Liste de courses pour chaque semaine 40 recettes (sal\u00e9es, sucr\u00e9es, petits-d\u00e9jeuners, collations)<\/p>\n","protected":false},"featured_media":741,"comment_status":"open","ping_status":"closed","template":"","meta":[],"product_cat":[24],"product_tag":[],"class_list":{"0":"post-739","1":"product","2":"type-product","3":"status-publish","4":"has-post-thumbnail","6":"product_cat-non-classe","8":"first","9":"instock","10":"downloadable","11":"taxable","12":"shipping-taxable","13":"purchasable","14":"product-type-simple"},"_links":{"self":[{"href":"https:\/\/mesassiettesdiet.com\/index.php?rest_route=\/wp\/v2\/product\/739","targetHints":{"allow":["GET"]}}],"collection":[{"href":"https:\/\/mesassiettesdiet.com\/index.php?rest_route=\/wp\/v2\/product"}],"about":[{"href":"https:\/\/mesassiettesdiet.com\/index.php?rest_route=\/wp\/v2\/types\/product"}],"replies":[{"embeddable":true,"href":"https:\/\/mesassiettesdiet.com\/index.php?rest_route=%2Fwp%2Fv2%2Fcomments&post=739"}],"wp:featuredmedia":[{"embeddable":true,"href":"https:\/\/mesassiettesdiet.com\/index.php?rest_route=\/wp\/v2\/media\/741"}],"wp:attachment":[{"href":"https:\/\/mesassiettesdiet.com\/index.php?rest_route=%2Fwp%2Fv2%2Fmedia&parent=739"}],"wp:term":[{"taxonomy":"product_cat","embeddable":true,"href":"https:\/\/mesassiettesdiet.com\/index.php?rest_route=%2Fwp%2Fv2%2Fproduct_cat&post=739"},{"taxonomy":"product_tag","embeddable":true,"href":"https:\/\/mesassiettesdiet.com\/index.php?rest_route=%2Fwp%2Fv2%2Fproduct_tag&post=739"}],"curies":[{"name":"wp","href":"https:\/\/api.w.org\/{rel}","templated":true}]}}